{"id":1947,"date":"2023-09-29T07:07:02","date_gmt":"2023-09-29T07:07:02","guid":{"rendered":"https:\/\/alprologistics.co\/?page_id=1947"},"modified":"2023-09-30T04:47:53","modified_gmt":"2023-09-30T04:47:53","slug":"servicios","status":"publish","type":"page","link":"https:\/\/alprologistics.co\/en\/servicios\/","title":{"rendered":"Servicios"},"content":{"rendered":"<div data-elementor-type=\"wp-page\" data-elementor-id=\"1947\" class=\"elementor elementor-1947\" data-elementor-settings=\"{&quot;ha_cmc_init_switcher&quot;:&quot;no&quot;}\">\n\t\t\t\t\t\t<section class=\"elementor-section elementor-top-section elementor-element elementor-element-0941e75 elementor-section-height-min-height elementor-section-stretched aux-appear-watch-animation aux-mask-from-top elementor-section-boxed elementor-section-height-default elementor-section-items-middle\" data-id=\"0941e75\" data-element_type=\"section\" data-settings=\"{&quot;background_background&quot;:&quot;classic&quot;,&quot;stretch_section&quot;:&quot;section-stretched&quot;,&quot;_ha_eqh_enable&quot;:false}\">\n\t\t\t\t\t\t\t<div class=\"elementor-background-overlay\"><\/div>\n\t\t\t\t\t\t\t<div class=\"elementor-container elementor-column-gap-no\">\n\t\t\t\t\t<div class=\"aux-parallax-section elementor-column elementor-col-100 elementor-top-column elementor-element elementor-element-d5f48dd\" data-id=\"d5f48dd\" data-element_type=\"column\">\n\t\t\t<div class=\"elementor-widget-wrap elementor-element-populated\">\n\t\t\t\t\t\t<div class=\"elementor-element elementor-element-647c3d2 aux-appear-watch-animation aux-fade-in-up-1 elementor-widget elementor-widget-aux_modern_heading\" data-id=\"647c3d2\" data-element_type=\"widget\" data-widget_type=\"aux_modern_heading.default\">\n\t\t\t\t<div class=\"elementor-widget-container\">\n\t\t\t\t\t<section class=\"aux-widget-modern-heading\">\n            <div class=\"aux-widget-inner\"><h2 class=\"aux-modern-heading-primary\"><\/h2><h3 class=\"aux-modern-heading-secondary\"><span class=\"aux-head-before\">SERVICIOS<\/span><\/h3><\/div>\n        <\/section>\t\t\t\t<\/div>\n\t\t\t\t<\/div>\n\t\t\t\t<div class=\"elementor-element elementor-element-28aafea elementor-widget__width-auto elementor-widget elementor-widget-aux_modern_button\" data-id=\"28aafea\" data-element_type=\"widget\" data-widget_type=\"aux_modern_button.default\">\n\t\t\t\t<div class=\"elementor-widget-container\">\n\t\t\t\t\t    <div class=\"aux-modern-button-wrapper aux-modern-button-align-right\" >\n                    <a class=\"aux-modern-button aux-black aux-modern-button-md aux-modern-button-normal aux-modern-button-default aux-icon-\" href=\"https:\/\/alprologistics.co\/en\/contactenos\/\">\n                <div class=\"aux-overlay\"><\/div>\n                                    <div class=\"aux-icon\">\n                                            <\/div>\n                                <div class=\"aux-text\">\n<span class=\"aux-text-before\">Asesor\u00eda personalizada<\/span>                <\/div>\n            <\/a>\n            \n    <\/div>\n\n    \t\t\t\t<\/div>\n\t\t\t\t<\/div>\n\t\t\t\t\t<\/div>\n\t\t<\/div>\n\t\t\t\t\t<\/div>\n\t\t<\/section>\n\t\t\t\t<section class=\"elementor-section elementor-top-section elementor-element elementor-element-32bc85d elementor-section-boxed elementor-section-height-default elementor-section-height-default\" data-id=\"32bc85d\" data-element_type=\"section\" data-settings=\"{&quot;_ha_eqh_enable&quot;:false}\">\n\t\t\t\t\t\t<div class=\"elementor-container elementor-column-gap-no\">\n\t\t\t\t\t<div class=\"aux-parallax-section elementor-column elementor-col-100 elementor-top-column elementor-element elementor-element-c1621d9\" data-id=\"c1621d9\" data-element_type=\"column\">\n\t\t\t<div class=\"elementor-widget-wrap elementor-element-populated\">\n\t\t\t\t\t\t<div class=\"elementor-element elementor-element-d4cc3d7 ha-image-accordion-hover ha-image-accordion-horizontal elementor-widget elementor-widget-ha-image-accordion happy-addon ha-image-accordion\" data-id=\"d4cc3d7\" data-element_type=\"widget\" data-widget_type=\"ha-image-accordion.default\">\n\t\t\t\t<div class=\"elementor-widget-container\">\n\t\t\t\t\t        <div class=\"ha-image-accordion-wrapper\">\n            <div class=\"ha-ia-container\">\n                <div class=\"ha-ia-gallery-wrap\">\n                                            <div style=\"background-image: url('https:\/\/alprologistics.co\/wp-content\/uploads\/2023\/09\/img_Terrestre.png');\" class=\"ha-ia-item active\">\n                            <div class=\"ha-overlay\">\n                                <div class=\"ha-ia-content-wrapper ha_fadeInUp\">\n                                                                                                            <div class=\"ha-ia-content-icon-title ha-ia-icon-right\">\n                                                                                <span class=\"ha-ia-content-title\">Transporte Terrestre<\/span>\n                                    <\/div>\n                                    <div class=\"ha-ia-content-description\">Contamos con flota propia de transporte dispuestos a trasladar tu carga en todo el territorio nacional.<\/div>                                                                            <a class=\"ha-ia-content-button\" href=\"https:\/\/alprologistics.co\/en\/transporte-terrestre\/\"  >\n                                            Leer m\u00e1s                                        <\/a>\n                                                                    <\/div>\n                            <\/div>\n                        <\/div>\n                                            <div style=\"background-image: url('https:\/\/alprologistics.co\/wp-content\/uploads\/2023\/09\/img_Maritimo.png');\" class=\"ha-ia-item\">\n                            <div class=\"ha-overlay\">\n                                <div class=\"ha-ia-content-wrapper ha_fadeInUp\">\n                                                                                                            <div class=\"ha-ia-content-icon-title ha-ia-icon-left\">\n                                                                                <span class=\"ha-ia-content-title\">Transporte Marino<\/span>\n                                    <\/div>\n                                    <div class=\"ha-ia-content-description\">Contamos con permisos de transito en las principales l\u00edneas navieras a nivel mundial.<\/div>                                                                            <a class=\"ha-ia-content-button\" href=\"https:\/\/alprologistics.co\/en\/transporte-marino\/\"  >\n                                            Leer m\u00e1s                                        <\/a>\n                                                                    <\/div>\n                            <\/div>\n                        <\/div>\n                                            <div style=\"background-image: url('https:\/\/alprologistics.co\/wp-content\/uploads\/2023\/09\/img_Aereo.png');\" class=\"ha-ia-item\">\n                            <div class=\"ha-overlay\">\n                                <div class=\"ha-ia-content-wrapper ha_fadeInUp\">\n                                                                                                            <div class=\"ha-ia-content-icon-title ha-ia-icon-left\">\n                                                                                <span class=\"ha-ia-content-title\">Transporte A\u00e9reo <\/span>\n                                    <\/div>\n                                    <div class=\"ha-ia-content-description\">Contamos con fuertes alianzas estrat\u00e9gicas a nivel mundial y una flota a\u00e9rea de primera calidad.<\/div>                                                                            <a class=\"ha-ia-content-button\" href=\"https:\/\/alprologistics.co\/en\/transporte-aereo\/\"  >\n                                            Leer m\u00e1s                                        <\/a>\n                                                                    <\/div>\n                            <\/div>\n                        <\/div>\n                                            <div style=\"background-image: url('https:\/\/alprologistics.co\/wp-content\/uploads\/2023\/09\/img_Zona_Franca.png');\" class=\"ha-ia-item\">\n                            <div class=\"ha-overlay\">\n                                <div class=\"ha-ia-content-wrapper ha_fadeInUp\">\n                                                                                                            <div class=\"ha-ia-content-icon-title ha-ia-icon-left\">\n                                                                                <span class=\"ha-ia-content-title\">Zona Franca<\/span>\n                                    <\/div>\n                                    <div class=\"ha-ia-content-description\">Conf\u00eda en nosotros para mantener tu inventario seguro y accesible en las bodegas de la Zona Franca de Barranquilla.<\/div>                                                                            <a class=\"ha-ia-content-button\" href=\"https:\/\/alprologistics.co\/en\/almacenamiento-en-zona-franca\/\"  >\n                                            Leer m\u00e1s                                        <\/a>\n                                                                    <\/div>\n                            <\/div>\n                        <\/div>\n                                            <div style=\"background-image: url('https:\/\/alprologistics.co\/wp-content\/uploads\/2023\/09\/img_Almto_Cargas.png');\" class=\"ha-ia-item\">\n                            <div class=\"ha-overlay\">\n                                <div class=\"ha-ia-content-wrapper ha_fadeInUp\">\n                                                                                                            <div class=\"ha-ia-content-icon-title ha-ia-icon-left\">\n                                                                                <span class=\"ha-ia-content-title\">Agenciamiento de cargas<\/span>\n                                    <\/div>\n                                    <div class=\"ha-ia-content-description\">Contamos con bodegas de almacenamiento a nivel mundial. Tus cargas seguras es nuestra prioridad.<\/div>                                                                            <a class=\"ha-ia-content-button\" href=\"https:\/\/alprologistics.co\/en\/agenciamiento-de-cargas\/\"  >\n                                            Leer m\u00e1s                                        <\/a>\n                                                                    <\/div>\n                            <\/div>\n                        <\/div>\n                                            <div style=\"background-image: url('https:\/\/alprologistics.co\/wp-content\/uploads\/2023\/09\/img_Trading.png');\" class=\"ha-ia-item\">\n                            <div class=\"ha-overlay\">\n                                <div class=\"ha-ia-content-wrapper ha_fadeInUp\">\n                                                                                                            <div class=\"ha-ia-content-icon-title ha-ia-icon-left\">\n                                                                                <span class=\"ha-ia-content-title\">Trading<\/span>\n                                    <\/div>\n                                    <div class=\"ha-ia-content-description\">Ofrecemos asesor\u00eda y acompa\u00f1amiento a nuestros clientes en el proceso de compras internacional.<\/div>                                                                            <a class=\"ha-ia-content-button\" href=\"https:\/\/alprologistics.co\/en\/comprador-trading\/\"  >\n                                            Leer m\u00e1s                                        <\/a>\n                                                                    <\/div>\n                            <\/div>\n                        <\/div>\n                                            <div style=\"background-image: url('https:\/\/alprologistics.co\/wp-content\/uploads\/2023\/09\/img_Juridico.png');\" class=\"ha-ia-item\">\n                            <div class=\"ha-overlay\">\n                                <div class=\"ha-ia-content-wrapper ha_fadeInUp\">\n                                                                                                            <div class=\"ha-ia-content-icon-title ha-ia-icon-left\">\n                                                                                <span class=\"ha-ia-content-title\">Asesor\u00edas Jur\u00eddicas<\/span>\n                                    <\/div>\n                                                                                                                <a class=\"ha-ia-content-button\" href=\"https:\/\/alprologistics.co\/en\/asesorias-juridicas\/\"  >\n                                            Leer m\u00e1s                                        <\/a>\n                                                                    <\/div>\n                            <\/div>\n                        <\/div>\n                                    <\/div>\n            <\/div>\n        <\/div>\n\t\t\t\t<\/div>\n\t\t\t\t<\/div>\n\t\t\t\t\t<\/div>\n\t\t<\/div>\n\t\t\t\t\t<\/div>\n\t\t<\/section>\n\t\t\t\t<section class=\"elementor-section elementor-top-section elementor-element elementor-element-37e96d3 elementor-section-boxed elementor-section-height-default elementor-section-height-default\" data-id=\"37e96d3\" data-element_type=\"section\" data-settings=\"{&quot;_ha_eqh_enable&quot;:false}\">\n\t\t\t\t\t\t<div class=\"elementor-container elementor-column-gap-no\">\n\t\t\t\t\t<div class=\"aux-parallax-section elementor-column elementor-col-100 elementor-top-column elementor-element elementor-element-3b8529c\" data-id=\"3b8529c\" data-element_type=\"column\">\n\t\t\t<div class=\"elementor-widget-wrap elementor-element-populated\">\n\t\t\t\t\t\t<div class=\"elementor-element elementor-element-910345f aux-appear-watch-animation aux-fade-in-up elementor-widget elementor-widget-aux_modern_heading\" data-id=\"910345f\" data-element_type=\"widget\" data-widget_type=\"aux_modern_heading.default\">\n\t\t\t\t<div class=\"elementor-widget-container\">\n\t\t\t\t\t<section class=\"aux-widget-modern-heading\">\n            <div class=\"aux-widget-inner\"><h2 class=\"aux-modern-heading-primary\">LO QUE NOS HACE UNICOS<\/h2><div class=\"aux-modern-heading-divider\"><\/div><\/div>\n        <\/section>\t\t\t\t<\/div>\n\t\t\t\t<\/div>\n\t\t\t\t<div class=\"elementor-element elementor-element-214c373a elementor-widget elementor-widget-aux_simple_svg\" data-id=\"214c373a\" data-element_type=\"widget\" data-widget_type=\"aux_simple_svg.default\">\n\t\t\t\t<div class=\"elementor-widget-container\">\n\t\t\t\t\t    <div class=\"aux-widget-container aux-simple-svg-container\">\n        <div class=\"aux-widget-container-inner\">\n            <div class=\"aux-the-svg\"><svg width=\"62\" height=\"12\" viewbox=\"0 0 62 12\" fill=\"none\" xmlns=\"http:\/\/www.w3.org\/2000\/svg\">\n<path d=\"M0.302063 11.5H1.85379L5.20677 4.95724L3.58096 4.94556L0.302063 11.5Z\" fill=\"#072890\" \/>\n<path d=\"M3.37823 10.3161L2.7973 11.5H9.81517L9.16406 10.3161H3.37823Z\" fill=\"#072890\" \/>\n<path d=\"M6.31036 4.90002L9.6918 11.5H12.6828L12.0697 10.3142H10.6563L7.9347 4.90002H6.31036Z\" fill=\"#072890\" \/>\n<path d=\"M3.57928 4.94556H5.21736L8.54066 11.5H6.97722L3.57928 4.94556Z\" fill=\"#072890\" \/>\n<path d=\"M12.6827 11.5L12.0808 10.3166L10.68 10.3166L11.2318 11.5L12.6827 11.5Z\" fill=\"#072890\" \/>\n<path d=\"M20.6827 11.5001H23.269L28.8573 0.5954L26.1476 0.575928L20.6827 11.5001Z\" fill=\"#072890\" \/>\n<path d=\"M25.8097 9.52684L24.8415 11.5001H36.5379L35.4527 9.52684H25.8097Z\" fill=\"#072890\" \/>\n<path d=\"M30.6965 0.5L36.3323 11.5H41.3172L40.2955 9.52364H37.9397L33.4038 0.5H30.6965Z\" fill=\"#072890\" \/>\n<path d=\"M26.1448 0.575928H28.8749L34.4137 11.5001H31.808L26.1448 0.575928Z\" fill=\"#072890\" \/>\n<path d=\"M41.3173 11.5L40.314 9.52759L37.9793 9.52759L38.899 11.5L41.3173 11.5Z\" fill=\"#072890\" \/>\n<path d=\"M61.6979 11.5H60.1461L56.7932 4.95724L58.419 4.94556L61.6979 11.5Z\" fill=\"#072890\" \/>\n<path d=\"M58.6217 10.3161L59.2026 11.5H52.1848L52.8359 10.3161H58.6217Z\" fill=\"#072890\" \/>\n<path d=\"M55.6896 4.90002L52.3081 11.5H49.3172L49.9302 10.3142H51.3437L54.0652 4.90002H55.6896Z\" fill=\"#072890\" \/>\n<path d=\"M58.4207 4.94556H56.7826L53.4593 11.5H55.0227L58.4207 4.94556Z\" fill=\"#072890\" \/>\n<path d=\"M49.3171 11.5L49.9191 10.3166L51.3199 10.3166L50.7681 11.5L49.3171 11.5Z\" fill=\"#072890\" \/>\n<\/svg><\/div>\n        <\/div>\n    <\/div>\n    \t\t\t\t<\/div>\n\t\t\t\t<\/div>\n\t\t\t\t<div class=\"elementor-element elementor-element-4e87279 elementor-widget elementor-widget-text-editor\" data-id=\"4e87279\" data-element_type=\"widget\" data-widget_type=\"text-editor.default\">\n\t\t\t\t<div class=\"elementor-widget-container\">\n\t\t\t\t\t\t\t\t\t<p>Asesor\u00eda log\u00edstica Servicio personalizado, One to One, experto en dar soluciones a sus necesidades y trabajamos con aliados estrat\u00e9gico.<\/p>\t\t\t\t\t\t\t\t<\/div>\n\t\t\t\t<\/div>\n\t\t\t\t<section class=\"elementor-section elementor-inner-section elementor-element elementor-element-66ad7e3 elementor-section-boxed elementor-section-height-default elementor-section-height-default\" data-id=\"66ad7e3\" data-element_type=\"section\" data-settings=\"{&quot;_ha_eqh_enable&quot;:false}\">\n\t\t\t\t\t\t<div class=\"elementor-container elementor-column-gap-default\">\n\t\t\t\t\t<div class=\"aux-parallax-section elementor-column elementor-col-50 elementor-inner-column elementor-element elementor-element-2ba2022\" data-id=\"2ba2022\" data-element_type=\"column\" data-settings=\"{&quot;background_background&quot;:&quot;classic&quot;}\">\n\t\t\t<div class=\"elementor-widget-wrap elementor-element-populated\">\n\t\t\t\t\t\t<div class=\"elementor-element elementor-element-fb86a3e elementor-view-default elementor-widget elementor-widget-icon\" data-id=\"fb86a3e\" data-element_type=\"widget\" data-widget_type=\"icon.default\">\n\t\t\t\t<div class=\"elementor-widget-container\">\n\t\t\t\t\t\t\t<div class=\"elementor-icon-wrapper\">\n\t\t\t<div class=\"elementor-icon\">\n\t\t\t<svg xmlns=\"http:\/\/www.w3.org\/2000\/svg\" width=\"274\" height=\"146\" viewbox=\"0 0 274 146\" fill=\"none\"><path d=\"M0.0620728 146H34.3882L108.56 1.26541L72.5954 1.00696L0.0620728 146Z\" fill=\"#1E4BEC\"><\/path><path d=\"M68.1105 119.81L55.2598 146H210.503L196.1 119.81H68.1105Z\" fill=\"#1E4BEC\"><\/path><path d=\"M132.972 0L207.774 146H273.938L260.377 119.768H229.109L168.905 0H132.972Z\" fill=\"#1E4BEC\"><\/path><path d=\"M72.5586 1.00696H108.795L182.31 146H147.725L72.5586 1.00696Z\" fill=\"#1E4BEC\"><\/path><path d=\"M273.938 146L260.621 119.821L229.635 119.821L241.841 146L273.938 146Z\" fill=\"#1E4BEC\"><\/path><\/svg>\t\t\t<\/div>\n\t\t<\/div>\n\t\t\t\t\t\t<\/div>\n\t\t\t\t<\/div>\n\t\t\t\t<div class=\"elementor-element elementor-element-6f30bf7 elementor-widget elementor-widget-heading\" data-id=\"6f30bf7\" data-element_type=\"widget\" data-widget_type=\"heading.default\">\n\t\t\t\t<div class=\"elementor-widget-container\">\n\t\t\t\t\t<h2 class=\"elementor-heading-title elementor-size-default\">Servicio persona- lizado One to One<\/h2>\t\t\t\t<\/div>\n\t\t\t\t<\/div>\n\t\t\t\t\t<\/div>\n\t\t<\/div>\n\t\t\t\t<div class=\"aux-parallax-section elementor-column elementor-col-50 elementor-inner-column elementor-element elementor-element-83b9853\" data-id=\"83b9853\" data-element_type=\"column\" data-settings=\"{&quot;background_background&quot;:&quot;classic&quot;}\">\n\t\t\t<div class=\"elementor-widget-wrap elementor-element-populated\">\n\t\t\t\t\t\t<div class=\"elementor-element elementor-element-e42bcee elementor-view-default elementor-widget elementor-widget-icon\" data-id=\"e42bcee\" data-element_type=\"widget\" data-widget_type=\"icon.default\">\n\t\t\t\t<div class=\"elementor-widget-container\">\n\t\t\t\t\t\t\t<div class=\"elementor-icon-wrapper\">\n\t\t\t<div class=\"elementor-icon\">\n\t\t\t<svg xmlns=\"http:\/\/www.w3.org\/2000\/svg\" width=\"274\" height=\"146\" viewbox=\"0 0 274 146\" fill=\"none\"><path d=\"M0.0620728 146H34.3882L108.56 1.26541L72.5954 1.00696L0.0620728 146Z\" fill=\"#1E4BEC\"><\/path><path d=\"M68.1105 119.81L55.2598 146H210.503L196.1 119.81H68.1105Z\" fill=\"#1E4BEC\"><\/path><path d=\"M132.972 0L207.774 146H273.938L260.377 119.768H229.109L168.905 0H132.972Z\" fill=\"#1E4BEC\"><\/path><path d=\"M72.5586 1.00696H108.795L182.31 146H147.725L72.5586 1.00696Z\" fill=\"#1E4BEC\"><\/path><path d=\"M273.938 146L260.621 119.821L229.635 119.821L241.841 146L273.938 146Z\" fill=\"#1E4BEC\"><\/path><\/svg>\t\t\t<\/div>\n\t\t<\/div>\n\t\t\t\t\t\t<\/div>\n\t\t\t\t<\/div>\n\t\t\t\t<div class=\"elementor-element elementor-element-9c6da5f elementor-widget elementor-widget-heading\" data-id=\"9c6da5f\" data-element_type=\"widget\" data-widget_type=\"heading.default\">\n\t\t\t\t<div class=\"elementor-widget-container\">\n\t\t\t\t\t<h2 class=\"elementor-heading-title elementor-size-default\">Expertos en soluciones<\/h2>\t\t\t\t<\/div>\n\t\t\t\t<\/div>\n\t\t\t\t\t<\/div>\n\t\t<\/div>\n\t\t\t\t\t<\/div>\n\t\t<\/section>\n\t\t\t\t<section class=\"elementor-section elementor-inner-section elementor-element elementor-element-3ad2cc2 elementor-section-boxed elementor-section-height-default elementor-section-height-default\" data-id=\"3ad2cc2\" data-element_type=\"section\" data-settings=\"{&quot;_ha_eqh_enable&quot;:false}\">\n\t\t\t\t\t\t<div class=\"elementor-container elementor-column-gap-default\">\n\t\t\t\t\t<div class=\"aux-parallax-section elementor-column elementor-col-50 elementor-inner-column elementor-element elementor-element-83dc042\" data-id=\"83dc042\" data-element_type=\"column\" data-settings=\"{&quot;background_background&quot;:&quot;classic&quot;}\">\n\t\t\t<div class=\"elementor-widget-wrap elementor-element-populated\">\n\t\t\t\t\t\t<div class=\"elementor-element elementor-element-1acf254 elementor-view-default elementor-widget elementor-widget-icon\" data-id=\"1acf254\" data-element_type=\"widget\" data-widget_type=\"icon.default\">\n\t\t\t\t<div class=\"elementor-widget-container\">\n\t\t\t\t\t\t\t<div class=\"elementor-icon-wrapper\">\n\t\t\t<div class=\"elementor-icon\">\n\t\t\t<svg xmlns=\"http:\/\/www.w3.org\/2000\/svg\" width=\"274\" height=\"146\" viewbox=\"0 0 274 146\" fill=\"none\"><path d=\"M0.0620728 146H34.3882L108.56 1.26541L72.5954 1.00696L0.0620728 146Z\" fill=\"#1E4BEC\"><\/path><path d=\"M68.1105 119.81L55.2598 146H210.503L196.1 119.81H68.1105Z\" fill=\"#1E4BEC\"><\/path><path d=\"M132.972 0L207.774 146H273.938L260.377 119.768H229.109L168.905 0H132.972Z\" fill=\"#1E4BEC\"><\/path><path d=\"M72.5586 1.00696H108.795L182.31 146H147.725L72.5586 1.00696Z\" fill=\"#1E4BEC\"><\/path><path d=\"M273.938 146L260.621 119.821L229.635 119.821L241.841 146L273.938 146Z\" fill=\"#1E4BEC\"><\/path><\/svg>\t\t\t<\/div>\n\t\t<\/div>\n\t\t\t\t\t\t<\/div>\n\t\t\t\t<\/div>\n\t\t\t\t<div class=\"elementor-element elementor-element-08ae2b2 elementor-widget elementor-widget-heading\" data-id=\"08ae2b2\" data-element_type=\"widget\" data-widget_type=\"heading.default\">\n\t\t\t\t<div class=\"elementor-widget-container\">\n\t\t\t\t\t<h2 class=\"elementor-heading-title elementor-size-default\">Asesor\u00eda log\u00edstica<\/h2>\t\t\t\t<\/div>\n\t\t\t\t<\/div>\n\t\t\t\t\t<\/div>\n\t\t<\/div>\n\t\t\t\t<div class=\"aux-parallax-section elementor-column elementor-col-50 elementor-inner-column elementor-element elementor-element-5126208\" data-id=\"5126208\" data-element_type=\"column\" data-settings=\"{&quot;background_background&quot;:&quot;classic&quot;}\">\n\t\t\t<div class=\"elementor-widget-wrap elementor-element-populated\">\n\t\t\t\t\t\t<div class=\"elementor-element elementor-element-d7d89f1 elementor-view-default elementor-widget elementor-widget-icon\" data-id=\"d7d89f1\" data-element_type=\"widget\" data-widget_type=\"icon.default\">\n\t\t\t\t<div class=\"elementor-widget-container\">\n\t\t\t\t\t\t\t<div class=\"elementor-icon-wrapper\">\n\t\t\t<div class=\"elementor-icon\">\n\t\t\t<svg xmlns=\"http:\/\/www.w3.org\/2000\/svg\" width=\"274\" height=\"146\" viewbox=\"0 0 274 146\" fill=\"none\"><path d=\"M0.0620728 146H34.3882L108.56 1.26541L72.5954 1.00696L0.0620728 146Z\" fill=\"#1E4BEC\"><\/path><path d=\"M68.1105 119.81L55.2598 146H210.503L196.1 119.81H68.1105Z\" fill=\"#1E4BEC\"><\/path><path d=\"M132.972 0L207.774 146H273.938L260.377 119.768H229.109L168.905 0H132.972Z\" fill=\"#1E4BEC\"><\/path><path d=\"M72.5586 1.00696H108.795L182.31 146H147.725L72.5586 1.00696Z\" fill=\"#1E4BEC\"><\/path><path d=\"M273.938 146L260.621 119.821L229.635 119.821L241.841 146L273.938 146Z\" fill=\"#1E4BEC\"><\/path><\/svg>\t\t\t<\/div>\n\t\t<\/div>\n\t\t\t\t\t\t<\/div>\n\t\t\t\t<\/div>\n\t\t\t\t<div class=\"elementor-element elementor-element-d76144a elementor-widget elementor-widget-heading\" data-id=\"d76144a\" data-element_type=\"widget\" data-widget_type=\"heading.default\">\n\t\t\t\t<div class=\"elementor-widget-container\">\n\t\t\t\t\t<h2 class=\"elementor-heading-title elementor-size-default\">Aliados estrat\u00e9gicos<\/h2>\t\t\t\t<\/div>\n\t\t\t\t<\/div>\n\t\t\t\t\t<\/div>\n\t\t<\/div>\n\t\t\t\t\t<\/div>\n\t\t<\/section>\n\t\t\t\t<div class=\"elementor-element elementor-element-3c0f478 elementor-widget elementor-widget-text-editor\" data-id=\"3c0f478\" data-element_type=\"widget\" data-widget_type=\"text-editor.default\">\n\t\t\t\t<div class=\"elementor-widget-container\">\n\t\t\t\t\t\t\t\t\t<p>Comprometidos con la calidad en nuestros servicios<\/p>\t\t\t\t\t\t\t\t<\/div>\n\t\t\t\t<\/div>\n\t\t\t\t\t<\/div>\n\t\t<\/div>\n\t\t\t\t\t<\/div>\n\t\t<\/section>\n\t\t\t\t<\/div>","protected":false},"excerpt":{"rendered":"<p>SERVICIOS Asesor\u00eda personalizada Transporte Terrestre Contamos con flota propia de transporte dispuestos a trasladar tu carga en todo el territorio nacional. Leer m\u00e1s Transporte Marino Contamos con permisos de transito en las principales l\u00edneas navieras a nivel mundial. Leer m\u00e1s Transporte A\u00e9reo Contamos con fuertes alianzas estrat\u00e9gicas a nivel mundial y una flota a\u00e9rea de [&hellip;]<\/p>","protected":false},"author":2,"featured_media":0,"parent":0,"menu_order":0,"comment_status":"closed","ping_status":"closed","template":"","meta":{"footnotes":""},"class_list":["post-1947","page","type-page","status-publish","hentry"],"jetpack_sharing_enabled":true,"_links":{"self":[{"href":"https:\/\/alprologistics.co\/en\/wp-json\/wp\/v2\/pages\/1947","targetHints":{"allow":["GET"]}}],"collection":[{"href":"https:\/\/alprologistics.co\/en\/wp-json\/wp\/v2\/pages"}],"about":[{"href":"https:\/\/alprologistics.co\/en\/wp-json\/wp\/v2\/types\/page"}],"author":[{"embeddable":true,"href":"https:\/\/alprologistics.co\/en\/wp-json\/wp\/v2\/users\/2"}],"replies":[{"embeddable":true,"href":"https:\/\/alprologistics.co\/en\/wp-json\/wp\/v2\/comments?post=1947"}],"version-history":[{"count":31,"href":"https:\/\/alprologistics.co\/en\/wp-json\/wp\/v2\/pages\/1947\/revisions"}],"predecessor-version":[{"id":2134,"href":"https:\/\/alprologistics.co\/en\/wp-json\/wp\/v2\/pages\/1947\/revisions\/2134"}],"wp:attachment":[{"href":"https:\/\/alprologistics.co\/en\/wp-json\/wp\/v2\/media?parent=1947"}],"curies":[{"name":"wp","href":"https:\/\/api.w.org\/{rel}","templated":true}]}}